{"id":47,"date":"2019-01-29T07:44:00","date_gmt":"2019-01-29T07:44:00","guid":{"rendered":"http:\/\/frauenhaus-heilbronn.de\/turk\/?page_id=47"},"modified":"2019-05-14T20:01:58","modified_gmt":"2019-05-14T20:01:58","slug":"cokular","status":"publish","type":"page","link":"https:\/\/fhf-heilbronn.de\/turk\/cokular\/","title":{"rendered":"Cokular"},"content":{"rendered":"<p>[et_pb_section fb_built=&#8220;1&#8243; _builder_version=&#8220;3.22.3&#8243;][et_pb_row _builder_version=&#8220;3.22.3&#8243;][et_pb_column type=&#8220;4_4&#8243; _builder_version=&#8220;3.19.9&#8243;][et_pb_text admin_label=&#8220;Flags&#8220; _builder_version=&#8220;3.22.7&#8243;]<\/p>\n<p style=\"text-align: right;\">\u00a0 <a href=\"\/kinder-im-frauenhaus\"><img loading=\"lazy\" decoding=\"async\" src=\"http:\/\/frauenhaus-heilbronn.de\/wp-content\/uploads\/sites\/8\/2019\/05\/germany-flag-round-medium-300x300.png\" width=\"30\" height=\"30\" alt=\"\" class=\"wp-image-554 alignnone size-medium\" srcset=\"https:\/\/fhf-heilbronn.de\/turk\/wp-content\/uploads\/sites\/8\/2019\/05\/germany-flag-round-medium-300x300.png 300w, https:\/\/fhf-heilbronn.de\/turk\/wp-content\/uploads\/sites\/8\/2019\/05\/germany-flag-round-medium-150x150.png 150w, https:\/\/fhf-heilbronn.de\/turk\/wp-content\/uploads\/sites\/8\/2019\/05\/germany-flag-round-medium-768x768.png 768w, https:\/\/fhf-heilbronn.de\/turk\/wp-content\/uploads\/sites\/8\/2019\/05\/germany-flag-round-medium.png 1000w\" sizes=\"(max-width: 30px) 100vw, 30px\" \/><\/a>\u00a0 \u00a0\u00a0<a href=\"\/engl\/children-home-for-battered-women\"><img loading=\"lazy\" decoding=\"async\" src=\"http:\/\/frauenhaus-heilbronn.de\/wp-content\/uploads\/sites\/8\/2019\/05\/united-kingdom-flag-round-medium-300x300.png\" width=\"30\" height=\"30\" alt=\"\" class=\"wp-image-557 alignnone size-medium\" srcset=\"https:\/\/fhf-heilbronn.de\/turk\/wp-content\/uploads\/sites\/8\/2019\/05\/united-kingdom-flag-round-medium-300x300.png 300w, https:\/\/fhf-heilbronn.de\/turk\/wp-content\/uploads\/sites\/8\/2019\/05\/united-kingdom-flag-round-medium-150x150.png 150w, https:\/\/fhf-heilbronn.de\/turk\/wp-content\/uploads\/sites\/8\/2019\/05\/united-kingdom-flag-round-medium-768x768.png 768w, https:\/\/fhf-heilbronn.de\/turk\/wp-content\/uploads\/sites\/8\/2019\/05\/united-kingdom-flag-round-medium.png 1000w\" sizes=\"(max-width: 30px) 100vw, 30px\" \/><\/a>\u00a0 \u00a0\u00a0<a href=\"\/ru\/kinder\"><img loading=\"lazy\" decoding=\"async\" src=\"http:\/\/frauenhaus-heilbronn.de\/wp-content\/uploads\/sites\/8\/2019\/05\/russia-flag-round-medium-300x300.png\" width=\"30\" height=\"30\" alt=\"\" class=\"wp-image-555 alignnone size-medium\" srcset=\"https:\/\/fhf-heilbronn.de\/turk\/wp-content\/uploads\/sites\/8\/2019\/05\/russia-flag-round-medium-300x300.png 300w, https:\/\/fhf-heilbronn.de\/turk\/wp-content\/uploads\/sites\/8\/2019\/05\/russia-flag-round-medium-150x150.png 150w, https:\/\/fhf-heilbronn.de\/turk\/wp-content\/uploads\/sites\/8\/2019\/05\/russia-flag-round-medium-768x768.png 768w, https:\/\/fhf-heilbronn.de\/turk\/wp-content\/uploads\/sites\/8\/2019\/05\/russia-flag-round-medium.png 1000w\" sizes=\"(max-width: 30px) 100vw, 30px\" \/><\/a>\u00a0 \u00a0<a href=\"\/turk\/cocuklar\"><img loading=\"lazy\" decoding=\"async\" src=\"http:\/\/frauenhaus-heilbronn.de\/wp-content\/uploads\/sites\/8\/2019\/05\/turkey-flag-round-medium-300x300.png\" width=\"30\" height=\"30\" alt=\"\" class=\"wp-image-556 alignnone size-medium\" srcset=\"https:\/\/fhf-heilbronn.de\/turk\/wp-content\/uploads\/sites\/8\/2019\/05\/turkey-flag-round-medium-300x300.png 300w, https:\/\/fhf-heilbronn.de\/turk\/wp-content\/uploads\/sites\/8\/2019\/05\/turkey-flag-round-medium-150x150.png 150w, https:\/\/fhf-heilbronn.de\/turk\/wp-content\/uploads\/sites\/8\/2019\/05\/turkey-flag-round-medium-768x768.png 768w, https:\/\/fhf-heilbronn.de\/turk\/wp-content\/uploads\/sites\/8\/2019\/05\/turkey-flag-round-medium.png 1000w\" sizes=\"(max-width: 30px) 100vw, 30px\" \/><\/a><\/p>\n<p>[\/et_pb_text][et_pb_image src=&#8220;http:\/\/frauenhaus-heilbronn.de\/turk\/wp-content\/uploads\/sites\/8\/2019\/05\/Frauen-helfen-Frauen-Headline-frauenhaus-ta-cocuk.jpg&#8220; disabled_on=&#8220;on|off|off&#8220; admin_label=&#8220;Headerbild KINDER IM FRAUENHAUS&#8220; _builder_version=&#8220;3.22.7&#8243;][\/et_pb_image][et_pb_image src=&#8220;http:\/\/frauenhaus-heilbronn.de\/turk\/wp-content\/uploads\/sites\/8\/2019\/05\/Frauen-helfen-Frauen-Headline-cocuk-mobile.jpg&#8220; disabled_on=&#8220;off|on|on&#8220; admin_label=&#8220;Headerbild KINDER IM FRAUENHAUS mobile&#8220; _builder_version=&#8220;3.22.7&#8243;][\/et_pb_image][\/et_pb_column][\/et_pb_row][et_pb_row _builder_version=&#8220;3.22.3&#8243;][et_pb_column type=&#8220;2_3&#8243; _builder_version=&#8220;3.19.9&#8243;][et_pb_text admin_label=&#8220;Einleitung Text&#8220; _builder_version=&#8220;3.22.7&#8243; text_font=&#8220;||||||||&#8220; text_text_color=&#8220;#4c4c4c&#8220; text_line_height=&#8220;1.9em&#8220; header_font=&#8220;||||||||&#8220; header_2_font=&#8220;|700|||||||&#8220; header_2_text_color=&#8220;#7f5da4&#8243;]<\/p>\n<p class=\"p1\"><span class=\"s1\">Son senelerde yap\u0131lan ilm\u00ee ara\u015ft\u0131rmalar\u0131n g\u00f6sterdi\u011fi gibi, ev i\u00e7inde \u015fiddet g\u00f6ren \u00e7ocuklar sadece \u015fahit de\u011fil, \u015fiddet kurban\u0131 da oluyor. \u015eefkat ve sevgi yerine korku ve emniyetsizlikler ya\u015f\u0131yor. Bu ya\u015fananlar \u00e7ocu\u011fun geli\u015fmesini olumsuz bir \u015fekilde etkilebiliyor.<\/span><\/p>\n<p class=\"p1\"><span class=\"s1\">\u00c7ocuklu\u011funda \u015fiddet g\u00f6ren \u00e7ocuklar b\u00fcy\u00fcy\u00fcp re\u015fit oldu\u011funda da ya\u015fad\u0131klar\u0131ndan kopam\u0131yorlar. Erkek \u00e7ocuklar\u0131 yine \u015fiddet uyguluyor, k\u0131z \u00e7ocuklar\u0131 ise \u015fiddet kurban\u0131 oluyor. Bundan dolay\u0131 \u00e7ocuklar ne kadar erken \u015fiddetten uzakla\u015ft\u0131r\u0131l\u0131rsa \u00e7ocu\u011fun menfaati ve sa\u011fl\u0131kl\u0131 geli\u015fmesi i\u00e7in o kadar iyidir.<\/span><\/p>\n<p><span><\/span><\/p>\n<p><span><img loading=\"lazy\" decoding=\"async\" src=\"http:\/\/frauenhaus-heilbronn.de\/wp-content\/uploads\/sites\/8\/2019\/01\/Frauen-helfen-Frauen-Icon-Kinder-1.png\" width=\"100\" height=\"100\" alt=\"\" class=\"wp-image-252 alignnone size-full\" \/><\/span><\/p>\n<h2><span class=\"s1\"><b>\u00c7ocuklara sundu\u011fumuz hizmetler:<\/b><\/span><\/h2>\n<ul>\n<li>\n<p class=\"p1\"><span class=\"s1\">tek ba\u015f\u0131na veya grup halinde konu\u015fmalar<\/span><\/p>\n<\/li>\n<li>\n<p class=\"p1\"><span class=\"s1\"><\/span><span class=\"s1\">ev \u00f6devlerinde yard\u0131m<\/span><\/p>\n<\/li>\n<li>\n<p class=\"p1\"><span class=\"s1\"><\/span><span class=\"s1\">\u00e7ocuk bak\u0131m\u0131<\/span><\/p>\n<\/li>\n<li>\n<p class=\"p1\"><span class=\"s1\"><\/span><span class=\"s1\">\u00f6\u011flenden sonralar\u0131 oyunlar, el i\u015fleri<\/span><\/p>\n<\/li>\n<li>\n<p class=\"p1\"><span class=\"s1\"><\/span><span class=\"s1\">tiyatro oyunlar\u0131<\/span><\/p>\n<\/li>\n<li>\n<p class=\"p1\"><span class=\"s1\"><\/span><span class=\"s1\">gezi turlar\u0131<\/span><\/p>\n<\/li>\n<li>\n<p class=\"p1\"><span class=\"s1\"><\/span><span class=\"s1\">y\u00fczme havuzu, \u00e7ocuk bah\u00e7esi, sinema, tiyatro, sirk gibi yerlerde bo\u015f zaman\u0131n\u0131n de\u011ferlendirmesi<\/span><\/p>\n<\/li>\n<li>\n<p class=\"p1\"><span class=\"s1\"><\/span><span class=\"s1\">Kindergarten, okul ve \u00e7ocuk koruma dairesi ili\u015fkileri<\/span><\/p>\n<\/li>\n<li>\n<p class=\"p1\"><span class=\"s1\"><\/span><span class=\"s1\">E\u011fitim dan\u0131\u015fman\u0131, Logoped gibi \u00f6zel uzmanlar\u0131 bulmakta yard\u0131m<\/span><\/p>\n<\/li>\n<\/ul>\n<p>[\/et_pb_text][\/et_pb_column][et_pb_column type=&#8220;1_3&#8243; _builder_version=&#8220;3.19.9&#8243;][et_pb_blurb title=&#8220;Frauen helfen Frauen e. V.&#8220; use_icon=&#8220;on&#8220; font_icon=&#8220;%%264%%&#8220; icon_color=&#8220;#ffffff&#8220; use_icon_font_size=&#8220;on&#8220; icon_font_size=&#8220;50px&#8220; disabled_on=&#8220;on|off|off&#8220; admin_label=&#8220;Kontaktkasten&#8220; _builder_version=&#8220;3.22.7&#8243; header_font=&#8220;|700|||||||&#8220; header_text_align=&#8220;left&#8220; header_text_color=&#8220;#f8e624&#8243; header_font_size=&#8220;12px&#8220; body_font=&#8220;||||||||&#8220; body_font_size=&#8220;18px&#8220; background_color=&#8220;#7f5da4&#8243; border_color_all=&#8220;rgba(0,0,0,0)&#8220; background_layout=&#8220;dark&#8220; max_width=&#8220;100%&#8220; custom_padding=&#8220;20px|20px|20px|20px|true|true&#8220; global_module=&#8220;169&#8243; saved_tabs=&#8220;all&#8220;]<\/p>\n<p class=\"tw-data-text tw-ta tw-text-medium\" data-placeholder=\"\u00dcbersetzung\" id=\"tw-target-text\" dir=\"ltr\"><strong><span lang=\"tr\" tabindex=\"0\">Bize nas\u0131l ula\u015f\u0131l\u0131r?<br \/>L\u00fctfen a\u015fa\u011f\u0131da belirtilen telefon numaralar\u0131n\u0131 arayarak irtibata ge\u00e7in.<br \/><\/span><\/strong><\/p>\n<p>07131 507853<br \/> 0179 5255375 (<span class=\"s1\">g\u00fcn\u00fcn her saatinde devaml\u0131 a\u00e7\u0131kt\u0131r<\/span>)<\/p>\n<p><span style=\"color: #ffff00;\"><strong>Tavsiye \u00fccretsiz ve gizlidir<\/strong><\/span><\/p>\n<p>[\/et_pb_blurb][\/et_pb_column][\/et_pb_row][\/et_pb_section]<\/p>\n","protected":false},"excerpt":{"rendered":"<p>\u00a0 \u00a0 \u00a0\u00a0\u00a0 \u00a0\u00a0\u00a0 \u00a0Son senelerde yap\u0131lan ilm\u00ee ara\u015ft\u0131rmalar\u0131n g\u00f6sterdi\u011fi gibi, ev i\u00e7inde \u015fiddet g\u00f6ren \u00e7ocuklar sadece \u015fahit de\u011fil, \u015fiddet kurban\u0131 da oluyor. \u015eefkat ve sevgi yerine korku ve emniyetsizlikler ya\u015f\u0131yor. Bu ya\u015fananlar \u00e7ocu\u011fun geli\u015fmesini olumsuz bir \u015fekilde etkilebiliyor. \u00c7ocuklu\u011funda \u015fiddet g\u00f6ren \u00e7ocuklar b\u00fcy\u00fcy\u00fcp re\u015fit oldu\u011funda da ya\u015fad\u0131klar\u0131ndan kopam\u0131yorlar. Erkek \u00e7ocuklar\u0131 yine \u015fiddet uyguluyor, k\u0131z [&hellip;]<\/p>\n","protected":false},"author":1,"featured_media":0,"parent":0,"menu_order":0,"comment_status":"closed","ping_status":"closed","template":"","meta":{"_et_pb_use_builder":"on","_et_pb_old_content":"","_et_gb_content_width":"","footnotes":""},"class_list":["post-47","page","type-page","status-publish","hentry"],"_links":{"self":[{"href":"https:\/\/fhf-heilbronn.de\/turk\/wp-json\/wp\/v2\/pages\/47","targetHints":{"allow":["GET"]}}],"collection":[{"href":"https:\/\/fhf-heilbronn.de\/turk\/wp-json\/wp\/v2\/pages"}],"about":[{"href":"https:\/\/fhf-heilbronn.de\/turk\/wp-json\/wp\/v2\/types\/page"}],"author":[{"embeddable":true,"href":"https:\/\/fhf-heilbronn.de\/turk\/wp-json\/wp\/v2\/users\/1"}],"replies":[{"embeddable":true,"href":"https:\/\/fhf-heilbronn.de\/turk\/wp-json\/wp\/v2\/comments?post=47"}],"version-history":[{"count":17,"href":"https:\/\/fhf-heilbronn.de\/turk\/wp-json\/wp\/v2\/pages\/47\/revisions"}],"predecessor-version":[{"id":664,"href":"https:\/\/fhf-heilbronn.de\/turk\/wp-json\/wp\/v2\/pages\/47\/revisions\/664"}],"wp:attachment":[{"href":"https:\/\/fhf-heilbronn.de\/turk\/wp-json\/wp\/v2\/media?parent=47"}],"curies":[{"name":"wp","href":"https:\/\/api.w.org\/{rel}","templated":true}]}}