{"id":51,"date":"2019-01-29T07:45:41","date_gmt":"2019-01-29T07:45:41","guid":{"rendered":"http:\/\/frauenhaus-heilbronn.de\/turk\/?page_id=51"},"modified":"2019-05-15T19:36:34","modified_gmt":"2019-05-15T19:36:34","slug":"danisma-merkezi","status":"publish","type":"page","link":"https:\/\/fhf-heilbronn.de\/turk\/danisma-merkezi\/","title":{"rendered":"Dan\u0131\u015fma merkezi"},"content":{"rendered":"<p>[et_pb_section fb_built=&#8220;1&#8243; _builder_version=&#8220;3.22.3&#8243;][et_pb_row _builder_version=&#8220;3.22.3&#8243;][et_pb_column type=&#8220;4_4&#8243; _builder_version=&#8220;3.19.9&#8243;][et_pb_text admin_label=&#8220;Flags&#8220; _builder_version=&#8220;3.22.7&#8243;]<\/p>\n<p style=\"text-align: right;\">\u00a0 <a href=\"\/beratungsstelle\"><img loading=\"lazy\" decoding=\"async\" src=\"http:\/\/frauenhaus-heilbronn.de\/wp-content\/uploads\/sites\/8\/2019\/05\/germany-flag-round-medium-300x300.png\" width=\"30\" height=\"30\" alt=\"\" class=\"wp-image-554 alignnone size-medium\" srcset=\"https:\/\/fhf-heilbronn.de\/turk\/wp-content\/uploads\/sites\/8\/2019\/05\/germany-flag-round-medium-300x300.png 300w, https:\/\/fhf-heilbronn.de\/turk\/wp-content\/uploads\/sites\/8\/2019\/05\/germany-flag-round-medium-150x150.png 150w, https:\/\/fhf-heilbronn.de\/turk\/wp-content\/uploads\/sites\/8\/2019\/05\/germany-flag-round-medium-768x768.png 768w, https:\/\/fhf-heilbronn.de\/turk\/wp-content\/uploads\/sites\/8\/2019\/05\/germany-flag-round-medium.png 1000w\" sizes=\"(max-width: 30px) 100vw, 30px\" \/><\/a>\u00a0 \u00a0\u00a0<a href=\"\/engl\/counselling-office\/\"><img loading=\"lazy\" decoding=\"async\" src=\"http:\/\/frauenhaus-heilbronn.de\/wp-content\/uploads\/sites\/8\/2019\/05\/united-kingdom-flag-round-medium-300x300.png\" width=\"30\" height=\"30\" alt=\"\" class=\"wp-image-557 alignnone size-medium\" srcset=\"https:\/\/fhf-heilbronn.de\/turk\/wp-content\/uploads\/sites\/8\/2019\/05\/united-kingdom-flag-round-medium-300x300.png 300w, https:\/\/fhf-heilbronn.de\/turk\/wp-content\/uploads\/sites\/8\/2019\/05\/united-kingdom-flag-round-medium-150x150.png 150w, https:\/\/fhf-heilbronn.de\/turk\/wp-content\/uploads\/sites\/8\/2019\/05\/united-kingdom-flag-round-medium-768x768.png 768w, https:\/\/fhf-heilbronn.de\/turk\/wp-content\/uploads\/sites\/8\/2019\/05\/united-kingdom-flag-round-medium.png 1000w\" sizes=\"(max-width: 30px) 100vw, 30px\" \/><\/a>\u00a0 \u00a0\u00a0<a href=\"\/russ\/beratungsstelle\"><img loading=\"lazy\" decoding=\"async\" src=\"http:\/\/frauenhaus-heilbronn.de\/wp-content\/uploads\/sites\/8\/2019\/05\/russia-flag-round-medium-300x300.png\" width=\"30\" height=\"30\" alt=\"\" class=\"wp-image-555 alignnone size-medium\" srcset=\"https:\/\/fhf-heilbronn.de\/turk\/wp-content\/uploads\/sites\/8\/2019\/05\/russia-flag-round-medium-300x300.png 300w, https:\/\/fhf-heilbronn.de\/turk\/wp-content\/uploads\/sites\/8\/2019\/05\/russia-flag-round-medium-150x150.png 150w, https:\/\/fhf-heilbronn.de\/turk\/wp-content\/uploads\/sites\/8\/2019\/05\/russia-flag-round-medium-768x768.png 768w, https:\/\/fhf-heilbronn.de\/turk\/wp-content\/uploads\/sites\/8\/2019\/05\/russia-flag-round-medium.png 1000w\" sizes=\"(max-width: 30px) 100vw, 30px\" \/><\/a>\u00a0 \u00a0<a href=\"\/turk\/dan\u0131sma-merkezi\"><img loading=\"lazy\" decoding=\"async\" src=\"http:\/\/frauenhaus-heilbronn.de\/wp-content\/uploads\/sites\/8\/2019\/05\/turkey-flag-round-medium-300x300.png\" width=\"30\" height=\"30\" alt=\"\" class=\"wp-image-556 alignnone size-medium\" srcset=\"https:\/\/fhf-heilbronn.de\/turk\/wp-content\/uploads\/sites\/8\/2019\/05\/turkey-flag-round-medium-300x300.png 300w, https:\/\/fhf-heilbronn.de\/turk\/wp-content\/uploads\/sites\/8\/2019\/05\/turkey-flag-round-medium-150x150.png 150w, https:\/\/fhf-heilbronn.de\/turk\/wp-content\/uploads\/sites\/8\/2019\/05\/turkey-flag-round-medium-768x768.png 768w, https:\/\/fhf-heilbronn.de\/turk\/wp-content\/uploads\/sites\/8\/2019\/05\/turkey-flag-round-medium.png 1000w\" sizes=\"(max-width: 30px) 100vw, 30px\" \/><\/a><\/p>\n<p>[\/et_pb_text][et_pb_image src=&#8220;http:\/\/frauenhaus-heilbronn.de\/turk\/wp-content\/uploads\/sites\/8\/2019\/05\/Frauen-helfen-Frauen-Headline-danisma-merkezi.jpg&#8220; disabled_on=&#8220;on|off|off&#8220; admin_label=&#8220;Headerbild BERATUNGSSTELLE&#8220; _builder_version=&#8220;3.22.7&#8243;][\/et_pb_image][et_pb_image src=&#8220;http:\/\/frauenhaus-heilbronn.de\/turk\/wp-content\/uploads\/sites\/8\/2019\/05\/Frauen-helfen-Frauen-Headline-danisma-merkezi-mobile.jpg&#8220; disabled_on=&#8220;off|on|on&#8220; admin_label=&#8220;Headerbild BERATUNGSSTELLE mobil&#8220; _builder_version=&#8220;3.22.7&#8243;][\/et_pb_image][\/et_pb_column][\/et_pb_row][et_pb_row _builder_version=&#8220;3.22.3&#8243;][et_pb_column type=&#8220;2_3&#8243; _builder_version=&#8220;3.19.9&#8243;][et_pb_text admin_label=&#8220;Einleitung Text&#8220; _builder_version=&#8220;3.22.7&#8243; text_font=&#8220;||||||||&#8220; text_text_color=&#8220;#4c4c4c&#8220; text_line_height=&#8220;1.9em&#8220; header_font=&#8220;||||||||&#8220; header_2_font=&#8220;|700|||||||&#8220; header_2_text_color=&#8220;#7f5da4&#8243;]<\/p>\n<p class=\"p1\"><span class=\"s1\">Dan\u0131\u015fma merkezimizde e\u015f ve aileleriyle sorunlar\u0131 olan b\u00fct\u00fcn kad\u0131nlar destek bulabilir. Telefonda bilgi veya bir \u00f6neri verdikten sonra en k\u0131sa zaman i\u00e7erisinde \u015fahs\u00ee bir g\u00f6r\u00fc\u015fme yap\u0131l\u0131r.\u00a0<\/span><\/p>\n<p class=\"p1\"><strong><span class=\"s1\">Dan\u0131\u015fmalar gizli tutulur, sonucu belli olmamakla bedavad\u0131r.<\/span><\/strong><\/p>\n<p><strong><\/strong><\/p>\n<p><strong><\/strong><\/p>\n<p><strong><img loading=\"lazy\" decoding=\"async\" src=\"http:\/\/frauenhaus-heilbronn.de\/wp-content\/uploads\/sites\/8\/2019\/01\/Frauen-helfen-Frauen-Icon-Beratungsstelle-1.png\" width=\"102\" height=\"102\" alt=\"\" class=\"wp-image-250 alignnone size-full\" \/><\/strong><\/p>\n<h2><span class=\"s1\"><b>Dan\u0131\u015fma merkezimizin sundu\u011fu hizmetler:<\/b><\/span><\/h2>\n<ul>\n<li>\n<p class=\"p1\"><span class=\"s1\">bedensel veya psikolojik \u015fiddet g\u00f6ren kad\u0131nlara dan\u0131\u015fma imkan\u0131<\/span><\/p>\n<\/li>\n<li>\n<p class=\"p1\"><span class=\"s1\"><\/span><span class=\"s1\">Frauenhaus\u00b4a s\u0131\u011f\u0131nma imkan\u0131 sa\u011flamas\u0131 veya ba\u015fka \u015fehirdeki Frauenhauslardan yer bulma<\/span><\/p>\n<\/li>\n<li>\n<p class=\"p1\"><span class=\"s1\"><\/span><span class=\"s1\">Genel hayat konusunda dan\u0131\u015fmalar<\/span><\/p>\n<\/li>\n<li>\n<p class=\"p1\"><span class=\"s1\"><\/span><span class=\"s1\">E\u011fitim konular\u0131nda, \u015fiddet kurban\u0131 olan \u00e7ocuk hakk\u0131nda destek<\/span><\/p>\n<\/li>\n<li>\n<p class=\"p1\"><span class=\"s1\"><\/span><span class=\"s1\">\u015fiddet uygulayan e\u015fleri \u00e7evresinden uzak tutma hakk\u0131nda dan\u0131\u015fma<\/span><\/p>\n<\/li>\n<li>\n<p class=\"p1\"><span class=\"s1\"><\/span><span class=\"s1\">Hartz IV hakk\u0131nda genel bilgi<\/span><\/p>\n<\/li>\n<li>\n<p class=\"p1\"><span class=\"s1\"><\/span><span class=\"s1\">Stalking kurban\u0131 (takip) olanlara dan\u0131\u015fma<\/span><\/p>\n<\/li>\n<li>\n<p class=\"p1\"><span class=\"s1\"><\/span><span class=\"s1\">Doktor, Avukat, psikolog gibi \u00f6zel uzmanlar\u0131 bulmak i\u00e7in yard\u0131m<\/span><\/p>\n<\/li>\n<li>\n<p class=\"p1\"><span class=\"s1\"><\/span><span class=\"s1\">Jugendamt, polis, yabanc\u0131lar dairesi ile ili\u015fki<\/span><\/p>\n<\/li>\n<\/ul>\n<p>[\/et_pb_text][\/et_pb_column][et_pb_column type=&#8220;1_3&#8243; _builder_version=&#8220;3.19.9&#8243;][et_pb_blurb title=&#8220;Frauen helfen Frauen e. V.&#8220; use_icon=&#8220;on&#8220; font_icon=&#8220;%%264%%&#8220; icon_color=&#8220;#ffffff&#8220; use_icon_font_size=&#8220;on&#8220; icon_font_size=&#8220;50px&#8220; disabled_on=&#8220;on|off|off&#8220; admin_label=&#8220;Kontaktkasten&#8220; _builder_version=&#8220;3.22.7&#8243; header_font=&#8220;|700|||||||&#8220; header_text_align=&#8220;left&#8220; header_text_color=&#8220;#f8e624&#8243; header_font_size=&#8220;12px&#8220; body_font=&#8220;||||||||&#8220; body_font_size=&#8220;18px&#8220; background_color=&#8220;#7f5da4&#8243; border_color_all=&#8220;rgba(0,0,0,0)&#8220; background_layout=&#8220;dark&#8220; max_width=&#8220;100%&#8220; custom_padding=&#8220;20px|20px|20px|20px|true|true&#8220; global_module=&#8220;169&#8243; saved_tabs=&#8220;all&#8220;]<\/p>\n<p class=\"tw-data-text tw-ta tw-text-medium\" data-placeholder=\"\u00dcbersetzung\" id=\"tw-target-text\" dir=\"ltr\"><strong><span lang=\"tr\" tabindex=\"0\">Bize nas\u0131l ula\u015f\u0131l\u0131r?<br \/>L\u00fctfen a\u015fa\u011f\u0131da belirtilen telefon numaralar\u0131n\u0131 arayarak irtibata ge\u00e7in.<br \/><\/span><\/strong><\/p>\n<p>07131 507853<br \/> 0179 5255375 (<span class=\"s1\">g\u00fcn\u00fcn her saatinde devaml\u0131 a\u00e7\u0131kt\u0131r<\/span>)<\/p>\n<p><span style=\"color: #ffff00;\"><strong>Tavsiye \u00fccretsiz ve gizlidir<\/strong><\/span><\/p>\n<p>[\/et_pb_blurb][\/et_pb_column][\/et_pb_row][\/et_pb_section]<\/p>\n","protected":false},"excerpt":{"rendered":"<p>\u00a0 \u00a0 \u00a0\u00a0\u00a0 \u00a0\u00a0\u00a0 \u00a0 Dan\u0131\u015fma merkezimizde e\u015f ve aileleriyle sorunlar\u0131 olan b\u00fct\u00fcn kad\u0131nlar destek bulabilir. Telefonda bilgi veya bir \u00f6neri verdikten sonra en k\u0131sa zaman i\u00e7erisinde \u015fahs\u00ee bir g\u00f6r\u00fc\u015fme yap\u0131l\u0131r.\u00a0 Dan\u0131\u015fmalar gizli tutulur, sonucu belli olmamakla bedavad\u0131r. Dan\u0131\u015fma merkezimizin sundu\u011fu hizmetler: bedensel veya psikolojik \u015fiddet g\u00f6ren kad\u0131nlara dan\u0131\u015fma imkan\u0131 Frauenhaus\u00b4a s\u0131\u011f\u0131nma imkan\u0131 sa\u011flamas\u0131 veya [&hellip;]<\/p>\n","protected":false},"author":1,"featured_media":0,"parent":0,"menu_order":0,"comment_status":"closed","ping_status":"closed","template":"","meta":{"_et_pb_use_builder":"on","_et_pb_old_content":"","_et_gb_content_width":"","footnotes":""},"class_list":["post-51","page","type-page","status-publish","hentry"],"_links":{"self":[{"href":"https:\/\/fhf-heilbronn.de\/turk\/wp-json\/wp\/v2\/pages\/51","targetHints":{"allow":["GET"]}}],"collection":[{"href":"https:\/\/fhf-heilbronn.de\/turk\/wp-json\/wp\/v2\/pages"}],"about":[{"href":"https:\/\/fhf-heilbronn.de\/turk\/wp-json\/wp\/v2\/types\/page"}],"author":[{"embeddable":true,"href":"https:\/\/fhf-heilbronn.de\/turk\/wp-json\/wp\/v2\/users\/1"}],"replies":[{"embeddable":true,"href":"https:\/\/fhf-heilbronn.de\/turk\/wp-json\/wp\/v2\/comments?post=51"}],"version-history":[{"count":13,"href":"https:\/\/fhf-heilbronn.de\/turk\/wp-json\/wp\/v2\/pages\/51\/revisions"}],"predecessor-version":[{"id":670,"href":"https:\/\/fhf-heilbronn.de\/turk\/wp-json\/wp\/v2\/pages\/51\/revisions\/670"}],"wp:attachment":[{"href":"https:\/\/fhf-heilbronn.de\/turk\/wp-json\/wp\/v2\/media?parent=51"}],"curies":[{"name":"wp","href":"https:\/\/api.w.org\/{rel}","templated":true}]}}