{"id":53,"date":"2019-01-29T07:45:58","date_gmt":"2019-01-29T07:45:58","guid":{"rendered":"http:\/\/frauenhaus-heilbronn.de\/turk\/?page_id=53"},"modified":"2019-05-15T19:39:40","modified_gmt":"2019-05-15T19:39:40","slug":"frauenhaus-un-tanitimi","status":"publish","type":"page","link":"https:\/\/fhf-heilbronn.de\/turk\/frauenhaus-un-tanitimi\/","title":{"rendered":"Frauenhaus\u00b4un tan\u0131t\u0131m\u0131"},"content":{"rendered":"<p>[et_pb_section fb_built=&#8220;1&#8243; _builder_version=&#8220;3.22.3&#8243;][et_pb_row _builder_version=&#8220;3.22.3&#8243;][et_pb_column type=&#8220;4_4&#8243; _builder_version=&#8220;3.19.9&#8243;][et_pb_text admin_label=&#8220;Flags&#8220; _builder_version=&#8220;3.22.7&#8243;]<\/p>\n<p style=\"text-align: right;\">\u00a0 <a href=\"\/unser-verein\"><img loading=\"lazy\" decoding=\"async\" src=\"http:\/\/frauenhaus-heilbronn.de\/wp-content\/uploads\/sites\/8\/2019\/05\/germany-flag-round-medium-300x300.png\" width=\"30\" height=\"30\" alt=\"\" class=\"wp-image-554 alignnone size-medium\" srcset=\"https:\/\/fhf-heilbronn.de\/turk\/wp-content\/uploads\/sites\/8\/2019\/05\/germany-flag-round-medium-300x300.png 300w, https:\/\/fhf-heilbronn.de\/turk\/wp-content\/uploads\/sites\/8\/2019\/05\/germany-flag-round-medium-150x150.png 150w, https:\/\/fhf-heilbronn.de\/turk\/wp-content\/uploads\/sites\/8\/2019\/05\/germany-flag-round-medium-768x768.png 768w, https:\/\/fhf-heilbronn.de\/turk\/wp-content\/uploads\/sites\/8\/2019\/05\/germany-flag-round-medium.png 1000w\" sizes=\"(max-width: 30px) 100vw, 30px\" \/><\/a>\u00a0 \u00a0\u00a0<a href=\"\/engl\/association\/\"><img loading=\"lazy\" decoding=\"async\" src=\"http:\/\/frauenhaus-heilbronn.de\/wp-content\/uploads\/sites\/8\/2019\/05\/united-kingdom-flag-round-medium-300x300.png\" width=\"30\" height=\"30\" alt=\"\" class=\"wp-image-557 alignnone size-medium\" srcset=\"https:\/\/fhf-heilbronn.de\/turk\/wp-content\/uploads\/sites\/8\/2019\/05\/united-kingdom-flag-round-medium-300x300.png 300w, https:\/\/fhf-heilbronn.de\/turk\/wp-content\/uploads\/sites\/8\/2019\/05\/united-kingdom-flag-round-medium-150x150.png 150w, https:\/\/fhf-heilbronn.de\/turk\/wp-content\/uploads\/sites\/8\/2019\/05\/united-kingdom-flag-round-medium-768x768.png 768w, https:\/\/fhf-heilbronn.de\/turk\/wp-content\/uploads\/sites\/8\/2019\/05\/united-kingdom-flag-round-medium.png 1000w\" sizes=\"(max-width: 30px) 100vw, 30px\" \/><\/a>\u00a0 \u00a0\u00a0<a href=\"\/russ\/verein\"><img loading=\"lazy\" decoding=\"async\" src=\"http:\/\/frauenhaus-heilbronn.de\/wp-content\/uploads\/sites\/8\/2019\/05\/russia-flag-round-medium-300x300.png\" width=\"30\" height=\"30\" alt=\"\" class=\"wp-image-555 alignnone size-medium\" srcset=\"https:\/\/fhf-heilbronn.de\/turk\/wp-content\/uploads\/sites\/8\/2019\/05\/russia-flag-round-medium-300x300.png 300w, https:\/\/fhf-heilbronn.de\/turk\/wp-content\/uploads\/sites\/8\/2019\/05\/russia-flag-round-medium-150x150.png 150w, https:\/\/fhf-heilbronn.de\/turk\/wp-content\/uploads\/sites\/8\/2019\/05\/russia-flag-round-medium-768x768.png 768w, https:\/\/fhf-heilbronn.de\/turk\/wp-content\/uploads\/sites\/8\/2019\/05\/russia-flag-round-medium.png 1000w\" sizes=\"(max-width: 30px) 100vw, 30px\" \/><\/a>\u00a0 \u00a0<a href=\"\/turk\/frauenhaus-un-tanitimi\/\"><img loading=\"lazy\" decoding=\"async\" src=\"http:\/\/frauenhaus-heilbronn.de\/wp-content\/uploads\/sites\/8\/2019\/05\/turkey-flag-round-medium-300x300.png\" width=\"30\" height=\"30\" alt=\"\" class=\"wp-image-556 alignnone size-medium\" srcset=\"https:\/\/fhf-heilbronn.de\/turk\/wp-content\/uploads\/sites\/8\/2019\/05\/turkey-flag-round-medium-300x300.png 300w, https:\/\/fhf-heilbronn.de\/turk\/wp-content\/uploads\/sites\/8\/2019\/05\/turkey-flag-round-medium-150x150.png 150w, https:\/\/fhf-heilbronn.de\/turk\/wp-content\/uploads\/sites\/8\/2019\/05\/turkey-flag-round-medium-768x768.png 768w, https:\/\/fhf-heilbronn.de\/turk\/wp-content\/uploads\/sites\/8\/2019\/05\/turkey-flag-round-medium.png 1000w\" sizes=\"(max-width: 30px) 100vw, 30px\" \/><\/a><\/p>\n<p>[\/et_pb_text][et_pb_image src=&#8220;http:\/\/frauenhaus-heilbronn.de\/turk\/wp-content\/uploads\/sites\/8\/2019\/05\/Frauen-helfen-Frauen-Headline-Frauenhaus-un-tanitimi.jpg&#8220; disabled_on=&#8220;on|off|off&#8220; admin_label=&#8220;Headerbild UNSER VEREIN&#8220; _builder_version=&#8220;3.22.7&#8243;][\/et_pb_image][et_pb_image src=&#8220;http:\/\/frauenhaus-heilbronn.de\/turk\/wp-content\/uploads\/sites\/8\/2019\/05\/Frauen-helfen-Frauen-Headline-Frauenhaus-un-tanitimi-mobile.jpg&#8220; disabled_on=&#8220;off|on|on&#8220; admin_label=&#8220;Headerbild UNSER VEREIN mobil&#8220; _builder_version=&#8220;3.22.7&#8243;][\/et_pb_image][\/et_pb_column][\/et_pb_row][et_pb_row _builder_version=&#8220;3.22.3&#8243;][et_pb_column type=&#8220;2_3&#8243; _builder_version=&#8220;3.19.9&#8243;][et_pb_text admin_label=&#8220;Einleitung Unser Verein&#8220; _builder_version=&#8220;3.22.7&#8243; text_font=&#8220;||||||||&#8220; text_text_color=&#8220;#4c4c4c&#8220; text_line_height=&#8220;1.9em&#8220; header_font=&#8220;||||||||&#8220; header_text_color=&#8220;#7f5da4&#8243; header_2_font=&#8220;|700|||||||&#8220; header_2_text_color=&#8220;#7f5da4&#8243; header_3_font=&#8220;||||||||&#8220; header_3_text_color=&#8220;#7f5da4&#8243;]<\/p>\n<p class=\"p1\"><span class=\"s1\">Biz h\u00fcr ve din konusunda ba\u011f\u0131ms\u0131z bir derne\u011fiz. Frauenhaus ve dan\u0131\u015fma merkezimizde sundu\u011fumuz hizmetlerle m\u00fc\u015fk\u00fcl durumda kalan kad\u0131n ve \u00e7ocuklara yard\u0131mc\u0131 olup yol g\u00f6steriyoruz.<\/span><\/p>\n<p>[\/et_pb_text][\/et_pb_column][et_pb_column type=&#8220;1_3&#8243; _builder_version=&#8220;3.19.9&#8243;][et_pb_blurb title=&#8220;Frauen helfen Frauen e. V.&#8220; use_icon=&#8220;on&#8220; font_icon=&#8220;%%264%%&#8220; icon_color=&#8220;#ffffff&#8220; use_icon_font_size=&#8220;on&#8220; icon_font_size=&#8220;50px&#8220; disabled_on=&#8220;on|off|off&#8220; admin_label=&#8220;Kontaktkasten&#8220; _builder_version=&#8220;3.22.7&#8243; header_font=&#8220;|700|||||||&#8220; header_text_align=&#8220;left&#8220; header_text_color=&#8220;#f8e624&#8243; header_font_size=&#8220;12px&#8220; body_font=&#8220;||||||||&#8220; body_font_size=&#8220;18px&#8220; background_color=&#8220;#7f5da4&#8243; border_color_all=&#8220;rgba(0,0,0,0)&#8220; background_layout=&#8220;dark&#8220; max_width=&#8220;100%&#8220; custom_padding=&#8220;20px|20px|20px|20px|true|true&#8220; global_module=&#8220;169&#8243; saved_tabs=&#8220;all&#8220;]<\/p>\n<p class=\"tw-data-text tw-ta tw-text-medium\" data-placeholder=\"\u00dcbersetzung\" id=\"tw-target-text\" dir=\"ltr\"><strong><span lang=\"tr\" tabindex=\"0\">Bize nas\u0131l ula\u015f\u0131l\u0131r?<br \/>L\u00fctfen a\u015fa\u011f\u0131da belirtilen telefon numaralar\u0131n\u0131 arayarak irtibata ge\u00e7in.<br \/><\/span><\/strong><\/p>\n<p>07131 507853<br \/> 0179 5255375 (<span class=\"s1\">g\u00fcn\u00fcn her saatinde devaml\u0131 a\u00e7\u0131kt\u0131r<\/span>)<\/p>\n<p><span style=\"color: #ffff00;\"><strong>Tavsiye \u00fccretsiz ve gizlidir<\/strong><\/span><\/p>\n<p>[\/et_pb_blurb][et_pb_text admin_label=&#8220;Wir freuen uns \u00fcber jede Spende&#8220; _builder_version=&#8220;3.22.7&#8243; text_font=&#8220;||||||||&#8220; text_text_color=&#8220;#4c4c4c&#8220; text_line_height=&#8220;1.9em&#8220; header_font=&#8220;||||||||&#8220; header_text_color=&#8220;#7f5da4&#8243; header_2_font=&#8220;|700|||||||&#8220; header_2_text_color=&#8220;#7f5da4&#8243; header_3_font=&#8220;|700|||||||&#8220; header_3_text_color=&#8220;#f8e624&#8243; header_3_font_size=&#8220;25px&#8220; header_3_line_height=&#8220;1.4em&#8220;]<\/p>\n<h2><\/h2>\n<h3><strong><img loading=\"lazy\" decoding=\"async\" src=\"http:\/\/frauenhaus-heilbronn.de\/wp-content\/uploads\/sites\/8\/2019\/01\/Frauen-helfen-Frauen-Icon-Zitat.png\" width=\"75\" height=\"57\" alt=\"\" class=\"wp-image-314 alignnone size-full\" \/><span>Her ba\u011f\u0131\u015f\u00e7\u0131 ve her g\u00f6n\u00fcll\u00fc yard\u0131mc\u0131dan \u00e7ok memnunuz<\/span><\/strong><\/h3>\n<p>[\/et_pb_text][\/et_pb_column][\/et_pb_row][\/et_pb_section]<\/p>\n","protected":false},"excerpt":{"rendered":"<p>\u00a0 \u00a0 \u00a0\u00a0\u00a0 \u00a0\u00a0\u00a0 \u00a0 Biz h\u00fcr ve din konusunda ba\u011f\u0131ms\u0131z bir derne\u011fiz. Frauenhaus ve dan\u0131\u015fma merkezimizde sundu\u011fumuz hizmetlerle m\u00fc\u015fk\u00fcl durumda kalan kad\u0131n ve \u00e7ocuklara yard\u0131mc\u0131 olup yol g\u00f6steriyoruz.Bize nas\u0131l ula\u015f\u0131l\u0131r?L\u00fctfen a\u015fa\u011f\u0131da belirtilen telefon numaralar\u0131n\u0131 arayarak irtibata ge\u00e7in. 07131 507853 0179 5255375 (g\u00fcn\u00fcn her saatinde devaml\u0131 a\u00e7\u0131kt\u0131r) Tavsiye \u00fccretsiz ve gizlidir Her ba\u011f\u0131\u015f\u00e7\u0131 ve her [&hellip;]<\/p>\n","protected":false},"author":1,"featured_media":0,"parent":0,"menu_order":0,"comment_status":"closed","ping_status":"closed","template":"","meta":{"_et_pb_use_builder":"on","_et_pb_old_content":"","_et_gb_content_width":"","footnotes":""},"class_list":["post-53","page","type-page","status-publish","hentry"],"_links":{"self":[{"href":"https:\/\/fhf-heilbronn.de\/turk\/wp-json\/wp\/v2\/pages\/53","targetHints":{"allow":["GET"]}}],"collection":[{"href":"https:\/\/fhf-heilbronn.de\/turk\/wp-json\/wp\/v2\/pages"}],"about":[{"href":"https:\/\/fhf-heilbronn.de\/turk\/wp-json\/wp\/v2\/types\/page"}],"author":[{"embeddable":true,"href":"https:\/\/fhf-heilbronn.de\/turk\/wp-json\/wp\/v2\/users\/1"}],"replies":[{"embeddable":true,"href":"https:\/\/fhf-heilbronn.de\/turk\/wp-json\/wp\/v2\/comments?post=53"}],"version-history":[{"count":28,"href":"https:\/\/fhf-heilbronn.de\/turk\/wp-json\/wp\/v2\/pages\/53\/revisions"}],"predecessor-version":[{"id":672,"href":"https:\/\/fhf-heilbronn.de\/turk\/wp-json\/wp\/v2\/pages\/53\/revisions\/672"}],"wp:attachment":[{"href":"https:\/\/fhf-heilbronn.de\/turk\/wp-json\/wp\/v2\/media?parent=53"}],"curies":[{"name":"wp","href":"https:\/\/api.w.org\/{rel}","templated":true}]}}